{"id":7185,"date":"2024-01-22T16:24:31","date_gmt":"2024-01-22T15:24:31","guid":{"rendered":"https:\/\/www.sontheims-naturhotel.de\/leitbild-lage\/"},"modified":"2024-01-30T14:32:06","modified_gmt":"2024-01-30T13:32:06","slug":"leitbild-lage","status":"publish","type":"page","link":"https:\/\/www.sontheims-naturhotel.de\/en\/leitbild-lage\/","title":{"rendered":"Mission statement &#038; location"},"content":{"rendered":"<div class=\"fusion-fullwidth fullwidth-box fusion-builder-row-1 fusion-flex-container has-pattern-background has-mask-background nonhundred-percent-fullwidth non-hundred-percent-height-scrolling\" style=\"--awb-border-radius-top-left:0px;--awb-border-radius-top-right:0px;--awb-border-radius-bottom-right:0px;--awb-border-radius-bottom-left:0px;--awb-flex-wrap:wrap;\" ><div class=\"fusion-builder-row fusion-row fusion-flex-align-items-flex-start fusion-flex-content-wrap\" style=\"max-width:1352px;margin-left: calc(-4% \/ 2 );margin-right: calc(-4% \/ 2 );\"><div class=\"fusion-layout-column fusion_builder_column fusion-builder-column-0 fusion_builder_column_1_1 1_1 fusion-flex-column\" style=\"--awb-bg-size:cover;--awb-width-large:100%;--awb-margin-top-large:0px;--awb-spacing-right-large:1.92%;--awb-margin-bottom-large:20px;--awb-spacing-left-large:1.92%;--awb-width-medium:100%;--awb-order-medium:0;--awb-spacing-right-medium:1.92%;--awb-spacing-left-medium:1.92%;--awb-width-small:100%;--awb-order-small:0;--awb-spacing-right-small:1.92%;--awb-spacing-left-small:1.92%;\"><div class=\"fusion-column-wrapper fusion-column-has-shadow fusion-flex-justify-content-flex-start fusion-content-layout-column\"><div class=\"fusion-title title fusion-title-1 fusion-sep-none fusion-title-text fusion-title-size-one\" style=\"--awb-margin-top-small:10px;--awb-margin-right-small:0px;--awb-margin-bottom-small:10px;--awb-margin-left-small:0px;\"><h1 class=\"fusion-title-heading title-heading-left fusion-responsive-typography-calculated\" style=\"margin:0;--fontSize:63;line-height:var(--awb-typography1-line-height);\"><strong>Mission statement &amp; location<\/strong><\/h1><\/div><\/div><\/div><div class=\"fusion-layout-column fusion_builder_column fusion-builder-column-1 fusion_builder_column_1_2 1_2 fusion-flex-column\" style=\"--awb-bg-size:cover;--awb-width-large:50%;--awb-margin-top-large:0px;--awb-spacing-right-large:3.84%;--awb-margin-bottom-large:20px;--awb-spacing-left-large:3.84%;--awb-width-medium:50%;--awb-order-medium:0;--awb-spacing-right-medium:3.84%;--awb-spacing-left-medium:3.84%;--awb-width-small:100%;--awb-order-small:0;--awb-spacing-right-small:1.92%;--awb-spacing-left-small:1.92%;\"><div class=\"fusion-column-wrapper fusion-column-has-shadow fusion-flex-justify-content-flex-start fusion-content-layout-column\"><div class=\"fusion-text fusion-text-1\"><p>Fantastic location in the heart of the Westallg\u00e4u.<br \/>\nFrom Maierh\u00f6fen you can reach the nearby Oberallg\u00e4u and the Oberstdorf mountains or the nearby Nagelfluhkette near Oberstaufen in a short time. The Swabian Sea, Lake Constance with its Mediterranean flair, is just 30 kilometres away.<br \/>\nFrom the hotel you can walk to our nature reserve Eistobel, you can also hike to the highest point in the Westallg\u00e4u, the Kugel our local mountain (1069m high).<br \/>\nWith your guest card &#8220;Allg\u00e4u Walser Card&#8221; you receive discounted admission to approx. 200 leisure facilities in the Westallg\u00e4u and Oberallg\u00e4u, as well as neighbouring Lake Constance, including public bus rides.<\/p>\n<\/div><\/div><\/div><div class=\"fusion-layout-column fusion_builder_column fusion-builder-column-2 fusion_builder_column_1_2 1_2 fusion-flex-column\" style=\"--awb-bg-size:cover;--awb-width-large:50%;--awb-margin-top-large:0px;--awb-spacing-right-large:3.84%;--awb-margin-bottom-large:20px;--awb-spacing-left-large:3.84%;--awb-width-medium:50%;--awb-order-medium:0;--awb-spacing-right-medium:3.84%;--awb-spacing-left-medium:3.84%;--awb-width-small:100%;--awb-order-small:0;--awb-spacing-right-small:1.92%;--awb-spacing-left-small:1.92%;\"><div class=\"fusion-column-wrapper fusion-column-has-shadow fusion-flex-justify-content-flex-start fusion-content-layout-column\"><div class=\"fusion-image-element \" style=\"--awb-caption-title-font-family:var(--h2_typography-font-family);--awb-caption-title-font-weight:var(--h2_typography-font-weight);--awb-caption-title-font-style:var(--h2_typography-font-style);--awb-caption-title-size:var(--h2_typography-font-size);--awb-caption-title-transform:var(--h2_typography-text-transform);--awb-caption-title-line-height:var(--h2_typography-line-height);--awb-caption-title-letter-spacing:var(--h2_typography-letter-spacing);\"><span class=\" fusion-imageframe imageframe-none imageframe-1 hover-type-none\"><img decoding=\"async\" width=\"2000\" height=\"1333\" title=\"familienshooting_fs19_ (127)\u00a9Landratsamt Lindau_Frederick Sams\" src=\"https:\/\/www.sontheims-naturhotel.de\/wp-content\/uploads\/2024\/01\/allgaeu-hotel-maierhoefen-sontheim-landschaft.jpg\" data-orig-src=\"https:\/\/www.sontheims-naturhotel.de\/wp-content\/uploads\/2024\/01\/allgaeu-hotel-maierhoefen-sontheim-landschaft.jpg\" alt class=\"lazyload img-responsive wp-image-7102\" srcset=\"data:image\/svg+xml,%3Csvg%20xmlns%3D%27http%3A%2F%2Fwww.w3.org%2F2000%2Fsvg%27%20width%3D%272000%27%20height%3D%271333%27%20viewBox%3D%270%200%202000%201333%27%3E%3Crect%20width%3D%272000%27%20height%3D%271333%27%20fill-opacity%3D%220%22%2F%3E%3C%2Fsvg%3E\" data-srcset=\"https:\/\/www.sontheims-naturhotel.de\/wp-content\/uploads\/2024\/01\/allgaeu-hotel-maierhoefen-sontheim-landschaft-200x133.jpg 200w, https:\/\/www.sontheims-naturhotel.de\/wp-content\/uploads\/2024\/01\/allgaeu-hotel-maierhoefen-sontheim-landschaft-400x267.jpg 400w, https:\/\/www.sontheims-naturhotel.de\/wp-content\/uploads\/2024\/01\/allgaeu-hotel-maierhoefen-sontheim-landschaft-600x400.jpg 600w, https:\/\/www.sontheims-naturhotel.de\/wp-content\/uploads\/2024\/01\/allgaeu-hotel-maierhoefen-sontheim-landschaft-800x533.jpg 800w, https:\/\/www.sontheims-naturhotel.de\/wp-content\/uploads\/2024\/01\/allgaeu-hotel-maierhoefen-sontheim-landschaft-1200x800.jpg 1200w, https:\/\/www.sontheims-naturhotel.de\/wp-content\/uploads\/2024\/01\/allgaeu-hotel-maierhoefen-sontheim-landschaft.jpg 2000w\" data-sizes=\"auto\" data-orig-sizes=\"(max-width: 800px) 100vw, 800px\" \/><\/span><\/div><\/div><\/div><\/div><\/div>\n","protected":false},"excerpt":{"rendered":"","protected":false},"author":7,"featured_media":0,"parent":0,"menu_order":0,"comment_status":"closed","ping_status":"closed","template":"","meta":{"footnotes":""},"class_list":["post-7185","page","type-page","status-publish","hentry"],"yoast_head":"<!-- This site is optimized with the Yoast SEO plugin v27.2 - https:\/\/yoast.com\/product\/yoast-seo-wordpress\/ -->\n<title>Mission statement &amp; location - Sontheim Naturhotel &amp; Spa<\/title>\n<meta name=\"robots\" content=\"index, follow, max-snippet:-1, max-image-preview:large, max-video-preview:-1\" \/>\n<link rel=\"canonical\" href=\"https:\/\/www.sontheims-naturhotel.de\/en\/leitbild-lage\/\" \/>\n<meta property=\"og:locale\" content=\"en_US\" \/>\n<meta property=\"og:type\" content=\"article\" \/>\n<meta property=\"og:title\" content=\"Mission statement &amp; location - Sontheim Naturhotel &amp; Spa\" \/>\n<meta property=\"og:url\" content=\"https:\/\/www.sontheims-naturhotel.de\/en\/leitbild-lage\/\" \/>\n<meta property=\"og:site_name\" content=\"Sontheim Naturhotel &amp; Spa\" \/>\n<meta property=\"article:modified_time\" content=\"2024-01-30T13:32:06+00:00\" \/>\n<meta name=\"twitter:card\" content=\"summary_large_image\" \/>\n<meta name=\"twitter:label1\" content=\"Est. reading time\" \/>\n\t<meta name=\"twitter:data1\" content=\"1 minute\" \/>\n<script type=\"application\/ld+json\" class=\"yoast-schema-graph\">{\"@context\":\"https:\/\/schema.org\",\"@graph\":[{\"@type\":\"WebPage\",\"@id\":\"https:\/\/www.sontheims-naturhotel.de\/en\/leitbild-lage\/\",\"url\":\"https:\/\/www.sontheims-naturhotel.de\/en\/leitbild-lage\/\",\"name\":\"Mission statement & location - Sontheim Naturhotel &amp; Spa\",\"isPartOf\":{\"@id\":\"https:\/\/www.sontheims-naturhotel.de\/en\/#website\"},\"datePublished\":\"2024-01-22T15:24:31+00:00\",\"dateModified\":\"2024-01-30T13:32:06+00:00\",\"breadcrumb\":{\"@id\":\"https:\/\/www.sontheims-naturhotel.de\/en\/leitbild-lage\/#breadcrumb\"},\"inLanguage\":\"en-US\",\"potentialAction\":[{\"@type\":\"ReadAction\",\"target\":[\"https:\/\/www.sontheims-naturhotel.de\/en\/leitbild-lage\/\"]}]},{\"@type\":\"BreadcrumbList\",\"@id\":\"https:\/\/www.sontheims-naturhotel.de\/en\/leitbild-lage\/#breadcrumb\",\"itemListElement\":[{\"@type\":\"ListItem\",\"position\":1,\"name\":\"Startseite\",\"item\":\"https:\/\/www.sontheims-naturhotel.de\/en\/\"},{\"@type\":\"ListItem\",\"position\":2,\"name\":\"Mission statement &#038; location\"}]},{\"@type\":\"WebSite\",\"@id\":\"https:\/\/www.sontheims-naturhotel.de\/en\/#website\",\"url\":\"https:\/\/www.sontheims-naturhotel.de\/en\/\",\"name\":\"Sontheim Naturhotel &amp; Spa\",\"description\":\"Hotel im Allg\u00e4u\",\"potentialAction\":[{\"@type\":\"SearchAction\",\"target\":{\"@type\":\"EntryPoint\",\"urlTemplate\":\"https:\/\/www.sontheims-naturhotel.de\/en\/?s={search_term_string}\"},\"query-input\":{\"@type\":\"PropertyValueSpecification\",\"valueRequired\":true,\"valueName\":\"search_term_string\"}}],\"inLanguage\":\"en-US\"}]}<\/script>\n<!-- \/ Yoast SEO plugin. -->","yoast_head_json":{"title":"Mission statement & location - Sontheim Naturhotel &amp; Spa","robots":{"index":"index","follow":"follow","max-snippet":"max-snippet:-1","max-image-preview":"max-image-preview:large","max-video-preview":"max-video-preview:-1"},"canonical":"https:\/\/www.sontheims-naturhotel.de\/en\/leitbild-lage\/","og_locale":"en_US","og_type":"article","og_title":"Mission statement & location - Sontheim Naturhotel &amp; Spa","og_url":"https:\/\/www.sontheims-naturhotel.de\/en\/leitbild-lage\/","og_site_name":"Sontheim Naturhotel &amp; Spa","article_modified_time":"2024-01-30T13:32:06+00:00","twitter_card":"summary_large_image","twitter_misc":{"Est. reading time":"1 minute"},"schema":{"@context":"https:\/\/schema.org","@graph":[{"@type":"WebPage","@id":"https:\/\/www.sontheims-naturhotel.de\/en\/leitbild-lage\/","url":"https:\/\/www.sontheims-naturhotel.de\/en\/leitbild-lage\/","name":"Mission statement & location - Sontheim Naturhotel &amp; Spa","isPartOf":{"@id":"https:\/\/www.sontheims-naturhotel.de\/en\/#website"},"datePublished":"2024-01-22T15:24:31+00:00","dateModified":"2024-01-30T13:32:06+00:00","breadcrumb":{"@id":"https:\/\/www.sontheims-naturhotel.de\/en\/leitbild-lage\/#breadcrumb"},"inLanguage":"en-US","potentialAction":[{"@type":"ReadAction","target":["https:\/\/www.sontheims-naturhotel.de\/en\/leitbild-lage\/"]}]},{"@type":"BreadcrumbList","@id":"https:\/\/www.sontheims-naturhotel.de\/en\/leitbild-lage\/#breadcrumb","itemListElement":[{"@type":"ListItem","position":1,"name":"Startseite","item":"https:\/\/www.sontheims-naturhotel.de\/en\/"},{"@type":"ListItem","position":2,"name":"Mission statement &#038; location"}]},{"@type":"WebSite","@id":"https:\/\/www.sontheims-naturhotel.de\/en\/#website","url":"https:\/\/www.sontheims-naturhotel.de\/en\/","name":"Sontheim Naturhotel &amp; Spa","description":"Hotel im Allg\u00e4u","potentialAction":[{"@type":"SearchAction","target":{"@type":"EntryPoint","urlTemplate":"https:\/\/www.sontheims-naturhotel.de\/en\/?s={search_term_string}"},"query-input":{"@type":"PropertyValueSpecification","valueRequired":true,"valueName":"search_term_string"}}],"inLanguage":"en-US"}]}},"_links":{"self":[{"href":"https:\/\/www.sontheims-naturhotel.de\/en\/wp-json\/wp\/v2\/pages\/7185","targetHints":{"allow":["GET"]}}],"collection":[{"href":"https:\/\/www.sontheims-naturhotel.de\/en\/wp-json\/wp\/v2\/pages"}],"about":[{"href":"https:\/\/www.sontheims-naturhotel.de\/en\/wp-json\/wp\/v2\/types\/page"}],"author":[{"embeddable":true,"href":"https:\/\/www.sontheims-naturhotel.de\/en\/wp-json\/wp\/v2\/users\/7"}],"replies":[{"embeddable":true,"href":"https:\/\/www.sontheims-naturhotel.de\/en\/wp-json\/wp\/v2\/comments?post=7185"}],"version-history":[{"count":2,"href":"https:\/\/www.sontheims-naturhotel.de\/en\/wp-json\/wp\/v2\/pages\/7185\/revisions"}],"predecessor-version":[{"id":7280,"href":"https:\/\/www.sontheims-naturhotel.de\/en\/wp-json\/wp\/v2\/pages\/7185\/revisions\/7280"}],"wp:attachment":[{"href":"https:\/\/www.sontheims-naturhotel.de\/en\/wp-json\/wp\/v2\/media?parent=7185"}],"curies":[{"name":"wp","href":"https:\/\/api.w.org\/{rel}","templated":true}]}}