{"id":878,"date":"2021-02-16T11:59:25","date_gmt":"2021-02-16T10:59:25","guid":{"rendered":"https:\/\/www.sontheims-naturhotel.de\/prices\/"},"modified":"2024-01-31T15:20:32","modified_gmt":"2024-01-31T14:20:32","slug":"prices","status":"publish","type":"page","link":"https:\/\/www.sontheims-naturhotel.de\/en\/prices\/","title":{"rendered":"Prices"},"content":{"rendered":"<p><div class=\"fusion-fullwidth fullwidth-box fusion-builder-row-1 fusion-flex-container nonhundred-percent-fullwidth non-hundred-percent-height-scrolling\" style=\"--awb-border-radius-top-left:0px;--awb-border-radius-top-right:0px;--awb-border-radius-bottom-right:0px;--awb-border-radius-bottom-left:0px;--awb-flex-wrap:wrap;\" ><div class=\"fusion-builder-row fusion-row fusion-flex-align-items-flex-start fusion-flex-content-wrap\" style=\"max-width:1352px;margin-left: calc(-4% \/ 2 );margin-right: calc(-4% \/ 2 );\"><div class=\"fusion-layout-column fusion_builder_column fusion-builder-column-0 fusion_builder_column_1_1 1_1 fusion-flex-column\" style=\"--awb-bg-size:cover;--awb-width-large:100%;--awb-margin-top-large:0px;--awb-spacing-right-large:1.92%;--awb-margin-bottom-large:20px;--awb-spacing-left-large:1.92%;--awb-width-medium:100%;--awb-order-medium:0;--awb-spacing-right-medium:1.92%;--awb-spacing-left-medium:1.92%;--awb-width-small:100%;--awb-order-small:0;--awb-spacing-right-small:1.92%;--awb-spacing-left-small:1.92%;\"><div class=\"fusion-column-wrapper fusion-column-has-shadow fusion-flex-justify-content-flex-start fusion-content-layout-column\"><div class=\"fusion-title title fusion-title-1 fusion-sep-none fusion-title-center fusion-title-text fusion-title-size-one\" style=\"--awb-margin-top-small:10px;--awb-margin-right-small:0px;--awb-margin-bottom-small:10px;--awb-margin-left-small:0px;\"><h1 class=\"fusion-title-heading title-heading-center fusion-responsive-typography-calculated\" style=\"margin:0;--fontSize:63;line-height:var(--awb-typography1-line-height);\"><div id=\"c2145\" class=\"csc-default layout-0\">\n<div class=\"csc-header csc-header-n1\">\n<p class=\"csc-firstHeader\">Room prices for accommodation in the Allg\u00e4u 2024<\/p>\n<\/div>\n<\/div><\/h1><\/div><div class=\"fusion-title title fusion-title-2 fusion-sep-none fusion-title-center fusion-title-text fusion-title-size-two\" style=\"--awb-margin-top-small:10px;--awb-margin-right-small:0px;--awb-margin-bottom-small:10px;--awb-margin-left-small:0px;\"><h2 class=\"fusion-title-heading title-heading-center fusion-responsive-typography-calculated\" style=\"margin:0;--fontSize:54;line-height:var(--awb-typography2-line-height);\"><p>Accommodation prices per adult person\/night<br \/>\nincluding breakfast buffet and gourmet board<\/p><\/h2><\/div><\/div><\/div><div class=\"fusion-layout-column fusion_builder_column fusion-builder-column-1 fusion_builder_column_1_2 1_2 fusion-flex-column\" style=\"--awb-bg-size:cover;--awb-width-large:50%;--awb-margin-top-large:0px;--awb-spacing-right-large:3.84%;--awb-margin-bottom-large:20px;--awb-spacing-left-large:3.84%;--awb-width-medium:50%;--awb-order-medium:0;--awb-spacing-right-medium:3.84%;--awb-spacing-left-medium:3.84%;--awb-width-small:100%;--awb-order-small:0;--awb-spacing-right-small:1.92%;--awb-spacing-left-small:1.92%;\"><div class=\"fusion-column-wrapper fusion-column-has-shadow fusion-flex-justify-content-flex-start fusion-content-layout-column\"><div class=\"fusion-title title fusion-title-3 fusion-sep-none fusion-title-text fusion-title-size-three\" style=\"--awb-margin-top-small:10px;--awb-margin-right-small:0px;--awb-margin-bottom-small:10px;--awb-margin-left-small:0px;\"><h3 class=\"fusion-title-heading title-heading-left fusion-responsive-typography-calculated\" style=\"margin:0;--fontSize:45;line-height:var(--awb-typography3-line-height);\">Rooms<\/h3><\/div>\n<div class=\"table-2\">\n<table width=\"100%\">\n<tbody>\n<tr>\n<td align=\"left\">Single room<\/td>\n<td style=\"text-align: right;\" align=\"left\">EUR\u00a0 122.00<\/td>\n<\/tr>\n<tr>\n<td align=\"left\">S-small Gade<\/td>\n<td style=\"text-align: right;\" align=\"left\">\u00a0EUR\u00a0 115.00<\/td>\n<\/tr>\n<tr>\n<td align=\"left\">Allg\u00e4uer Gade without balcony<\/td>\n<td style=\"text-align: right;\" align=\"left\">\u00a0EUR 122.00<\/td>\n<\/tr>\n<tr>\n<td align=\"left\">Countryside view with balcony<\/td>\n<td style=\"text-align: right;\" align=\"left\">EUR 123.00<\/td>\n<\/tr>\n<tr>\n<td align=\"left\">Zirbenzimmer (Swiss stone pine room)<\/td>\n<td style=\"text-align: right;\" align=\"left\">EUR 123.00<\/td>\n<\/tr>\n<\/tbody>\n<\/table>\n<\/div>\n<div class=\"fusion-separator fusion-full-width-sep\" style=\"align-self: center;margin-left: auto;margin-right: auto;margin-top:20px;width:100%;\"><\/div><div class=\"fusion-title title fusion-title-4 fusion-sep-none fusion-title-text fusion-title-size-three\" style=\"--awb-margin-top-small:10px;--awb-margin-right-small:0px;--awb-margin-bottom-small:10px;--awb-margin-left-small:0px;--awb-font-size:var(--awb-typography4-font-size);\"><h3 class=\"fusion-title-heading title-heading-left fusion-responsive-typography-calculated\" style=\"font-family:var(--awb-typography4-font-family);font-weight:var(--awb-typography4-font-weight);font-style:var(--awb-typography4-font-style);margin:0;letter-spacing:var(--awb-typography4-letter-spacing);text-transform:var(--awb-typography4-text-transform);font-size:1em;--fontSize:18;--minFontSize:18;line-height:var(--awb-typography4-line-height);\"><\/h3><\/div>\n<div class=\"table-2 preise\">\n<table width=\"100%\">\n<thead>\n<tr>\n<th align=\"left\"><\/th>\n<th style=\"text-align: right;\" align=\"left\"><\/th>\n<\/tr>\n<\/thead>\n<tbody>\n<tr>\n<td align=\"left\"><\/td>\n<td style=\"text-align: right;\" align=\"left\"><\/td>\n<\/tr>\n<tr>\n<td align=\"left\"><\/td>\n<td style=\"text-align: right;\" align=\"left\"><\/td>\n<\/tr>\n<tr>\n<td align=\"left\"><\/td>\n<td style=\"text-align: right;\" align=\"left\"><\/td>\n<\/tr>\n<tr>\n<td align=\"left\"><\/td>\n<td style=\"text-align: right;\" align=\"left\"><\/td>\n<\/tr>\n<\/tbody>\n<\/table>\n<\/div>\n<\/div><\/div><div class=\"fusion-layout-column fusion_builder_column fusion-builder-column-2 fusion_builder_column_1_2 1_2 fusion-flex-column\" style=\"--awb-bg-size:cover;--awb-width-large:50%;--awb-margin-top-large:0px;--awb-spacing-right-large:3.84%;--awb-margin-bottom-large:20px;--awb-spacing-left-large:3.84%;--awb-width-medium:50%;--awb-order-medium:0;--awb-spacing-right-medium:3.84%;--awb-spacing-left-medium:3.84%;--awb-width-small:100%;--awb-order-small:0;--awb-spacing-right-small:1.92%;--awb-spacing-left-small:1.92%;\" data-scroll-devices=\"small-visibility,medium-visibility,large-visibility\"><div class=\"fusion-column-wrapper fusion-column-has-shadow fusion-flex-justify-content-flex-start fusion-content-layout-column\"><div class=\"fusion-title title fusion-title-5 fusion-sep-none fusion-title-text fusion-title-size-three\" style=\"--awb-margin-top-small:10px;--awb-margin-right-small:0px;--awb-margin-bottom-small:10px;--awb-margin-left-small:0px;\"><h3 class=\"fusion-title-heading title-heading-left fusion-responsive-typography-calculated\" style=\"margin:0;--fontSize:45;line-height:var(--awb-typography3-line-height);\">Suites<\/h3><\/div>\n<div class=\"table-2\">\n<table width=\"100%\">\n<tbody>\n<tr>\n<td align=\"left\">Panorama suite<\/td>\n<td style=\"text-align: right;\" align=\"left\">\u00a0EUR 126.00<\/td>\n<\/tr>\n<\/tbody>\n<\/table>\n<\/div>\n<div class=\"fusion-separator fusion-full-width-sep\" style=\"align-self: center;margin-left: auto;margin-right: auto;margin-top:20px;width:100%;\"><\/div><div class=\"fusion-title title fusion-title-6 fusion-sep-none fusion-title-text fusion-title-size-three\" style=\"--awb-margin-top-small:10px;--awb-margin-right-small:0px;--awb-margin-bottom-small:10px;--awb-margin-left-small:0px;--awb-font-size:var(--awb-typography4-font-size);\"><h3 class=\"fusion-title-heading title-heading-left fusion-responsive-typography-calculated\" style=\"font-family:var(--awb-typography4-font-family);font-weight:var(--awb-typography4-font-weight);font-style:var(--awb-typography4-font-style);margin:0;letter-spacing:var(--awb-typography4-letter-spacing);text-transform:var(--awb-typography4-text-transform);font-size:1em;--fontSize:18;--minFontSize:18;line-height:var(--awb-typography4-line-height);\"><strong>Children in the suites<\/strong> (with 2 full-paying guests):<\/h3><\/div>\n<div class=\"table-2 preise\">\n<table width=\"100%\">\n<thead>\n<tr>\n<th align=\"left\"><\/th>\n<th style=\"text-align: right;\" align=\"left\">Price per day<\/th>\n<\/tr>\n<\/thead>\n<tbody>\n<tr>\n<td align=\"left\">For children <strong>up to 2 years with baby crib<\/strong><\/td>\n<td style=\"text-align: right;\" align=\"left\">EUR\u00a0 15.00<\/td>\n<\/tr>\n<tr>\n<td align=\"left\">For children <strong>from 3 to 6 years<\/strong><\/td>\n<td style=\"text-align: right;\" align=\"left\">\u00a0EUR 40.00<\/td>\n<\/tr>\n<tr>\n<td align=\"left\">For children <strong>from 7 to 10 years<\/strong><\/td>\n<td style=\"text-align: right;\" align=\"left\">EUR 60.00<\/td>\n<\/tr>\n<tr>\n<td align=\"left\">For children <strong>from 11 to 15 years<\/strong><\/td>\n<td style=\"text-align: right;\" align=\"left\">\u00a0EUR 70.00<\/td>\n<\/tr>\n<\/tbody>\n<\/table>\n<\/div>\n<\/div><\/div><div class=\"fusion-layout-column fusion_builder_column fusion-builder-column-3 fusion_builder_column_1_1 1_1 fusion-flex-column\" style=\"--awb-bg-size:cover;--awb-width-large:100%;--awb-margin-top-large:0px;--awb-spacing-right-large:1.92%;--awb-margin-bottom-large:20px;--awb-spacing-left-large:1.92%;--awb-width-medium:100%;--awb-order-medium:0;--awb-spacing-right-medium:1.92%;--awb-spacing-left-medium:1.92%;--awb-width-small:100%;--awb-order-small:0;--awb-spacing-right-small:1.92%;--awb-spacing-left-small:1.92%;\"><div class=\"fusion-column-wrapper fusion-column-has-shadow fusion-flex-justify-content-flex-start fusion-content-layout-column\"><div class=\"fusion-builder-row fusion-builder-row-inner fusion-row fusion-flex-align-items-flex-start fusion-flex-content-wrap\" style=\"--awb-flex-grow:0;--awb-flex-grow-medium:0;--awb-flex-grow-small:0;--awb-flex-shrink:0;--awb-flex-shrink-medium:0;--awb-flex-shrink-small:0;width:104% !important;max-width:104% !important;margin-left: calc(-4% \/ 2 );margin-right: calc(-4% \/ 2 );\"><div class=\"fusion-layout-column fusion_builder_column_inner fusion-builder-nested-column-0 fusion_builder_column_inner_1_3 1_3 fusion-flex-column\" style=\"--awb-bg-size:cover;--awb-width-large:33.333333333333%;--awb-margin-top-large:0px;--awb-spacing-right-large:0px;--awb-margin-bottom-large:20px;--awb-spacing-left-large:0px;--awb-width-medium:33.333333333333%;--awb-order-medium:0;--awb-spacing-right-medium:0px;--awb-spacing-left-medium:0px;--awb-width-small:100%;--awb-order-small:0;--awb-spacing-right-small:1.92%;--awb-spacing-left-small:1.92%;\" data-scroll-devices=\"small-visibility,medium-visibility,large-visibility\"><div class=\"fusion-column-wrapper fusion-column-has-shadow fusion-flex-justify-content-flex-start fusion-content-layout-column\"><div ><a class=\"fusion-button button-flat fusion-button-default-size button-custom fusion-button-default button-1 fusion-button-span-yes fusion-button-default-type\" style=\"--button_accent_color:var(--awb-color8);--button_border_color:var(--awb-color2);--button_accent_hover_color:var(--awb-color8);--button_border_hover_color:var(--awb-custom12);--button-border-radius-top-left:0;--button-border-radius-top-right:0;--button-border-radius-bottom-right:0;--button-border-radius-bottom-left:0;--button_gradient_top_color:var(--awb-color4);--button_gradient_bottom_color:var(--awb-color4);--button_gradient_top_color_hover:var(--awb-custom12);--button_gradient_bottom_color_hover:var(--awb-custom12);\" target=\"_self\" href=\"https:\/\/www.sontheims-naturhotel.de\/zimmer-suite\/\"><span class=\"fusion-button-text awb-button__text awb-button__text--default\">Room details<\/span><\/a><\/div><\/div><\/div><div class=\"fusion-layout-column fusion_builder_column_inner fusion-builder-nested-column-1 fusion_builder_column_inner_1_3 1_3 fusion-flex-column\" style=\"--awb-bg-size:cover;--awb-width-large:33.333333333333%;--awb-margin-top-large:0px;--awb-spacing-right-large:0px;--awb-margin-bottom-large:20px;--awb-spacing-left-large:0px;--awb-width-medium:33.333333333333%;--awb-order-medium:0;--awb-spacing-right-medium:0px;--awb-spacing-left-medium:0px;--awb-width-small:100%;--awb-order-small:0;--awb-spacing-right-small:1.92%;--awb-spacing-left-small:1.92%;\" data-scroll-devices=\"small-visibility,medium-visibility,large-visibility\"><div class=\"fusion-column-wrapper fusion-column-has-shadow fusion-flex-justify-content-flex-start fusion-content-layout-column\"><div ><a class=\"fusion-button button-flat fusion-button-default-size button-custom fusion-button-default button-2 fusion-button-span-yes fusion-button-default-type\" style=\"--button_accent_color:var(--awb-color8);--button_border_color:var(--awb-color2);--button_accent_hover_color:var(--awb-color8);--button_border_hover_color:var(--awb-custom12);--button-border-radius-top-left:0;--button-border-radius-top-right:0;--button-border-radius-bottom-right:0;--button-border-radius-bottom-left:0;--button_gradient_top_color:var(--awb-color4);--button_gradient_bottom_color:var(--awb-color4);--button_gradient_top_color_hover:var(--awb-custom12);--button_gradient_bottom_color_hover:var(--awb-custom12);\" target=\"_self\" href=\"https:\/\/www.sontheims-naturhotel.de\/kontakt\/\"><span class=\"fusion-button-text awb-button__text awb-button__text--default\">Request a quote<\/span><\/a><\/div><\/div><\/div><div class=\"fusion-layout-column fusion_builder_column_inner fusion-builder-nested-column-2 fusion_builder_column_inner_1_3 1_3 fusion-flex-column\" style=\"--awb-bg-size:cover;--awb-width-large:33.333333333333%;--awb-margin-top-large:0px;--awb-spacing-right-large:0px;--awb-margin-bottom-large:20px;--awb-spacing-left-large:0px;--awb-width-medium:33.333333333333%;--awb-order-medium:0;--awb-spacing-right-medium:0px;--awb-spacing-left-medium:0px;--awb-width-small:100%;--awb-order-small:0;--awb-spacing-right-small:1.92%;--awb-spacing-left-small:1.92%;\" data-scroll-devices=\"small-visibility,medium-visibility,large-visibility\"><div class=\"fusion-column-wrapper fusion-column-has-shadow fusion-flex-justify-content-flex-start fusion-content-layout-column\"><div ><a class=\"fusion-button button-flat fusion-button-default-size button-custom fusion-button-default button-3 fusion-button-span-yes fusion-button-default-type\" style=\"--button_accent_color:var(--awb-color8);--button_border_color:var(--awb-color2);--button_accent_hover_color:var(--awb-color8);--button_border_hover_color:var(--awb-custom12);--button-border-radius-top-left:0;--button-border-radius-top-right:0;--button-border-radius-bottom-right:0;--button-border-radius-bottom-left:0;--button_gradient_top_color:var(--awb-color4);--button_gradient_bottom_color:var(--awb-color4);--button_gradient_top_color_hover:var(--awb-custom12);--button_gradient_bottom_color_hover:var(--awb-custom12);\" target=\"_self\" href=\"http:\/\/buchung.gasthof-pension-sontheim.de\/mywinhotelmx\/BuchungSuche.aspx\"><span class=\"fusion-button-text awb-button__text awb-button__text--default\">Booking<\/span><\/a><\/div><\/div><\/div><\/div><\/div><\/div><\/div><\/div><div class=\"fusion-fullwidth fullwidth-box fusion-builder-row-2 fusion-flex-container nonhundred-percent-fullwidth non-hundred-percent-height-scrolling\" style=\"--awb-border-radius-top-left:0px;--awb-border-radius-top-right:0px;--awb-border-radius-bottom-right:0px;--awb-border-radius-bottom-left:0px;--awb-flex-wrap:wrap;\" ><div class=\"fusion-builder-row fusion-row fusion-flex-align-items-flex-start fusion-flex-content-wrap\" style=\"max-width:1352px;margin-left: calc(-4% \/ 2 );margin-right: calc(-4% \/ 2 );\"><div class=\"fusion-layout-column fusion_builder_column fusion-builder-column-4 fusion_builder_column_1_1 1_1 fusion-flex-column\" style=\"--awb-bg-size:cover;--awb-width-large:100%;--awb-margin-top-large:0px;--awb-spacing-right-large:1.92%;--awb-margin-bottom-large:20px;--awb-spacing-left-large:1.92%;--awb-width-medium:100%;--awb-order-medium:0;--awb-spacing-right-medium:1.92%;--awb-spacing-left-medium:1.92%;--awb-width-small:100%;--awb-order-small:0;--awb-spacing-right-small:1.92%;--awb-spacing-left-small:1.92%;\"><div class=\"fusion-column-wrapper fusion-column-has-shadow fusion-flex-justify-content-flex-start fusion-content-layout-column\"><div class=\"fusion-title title fusion-title-7 fusion-sep-none fusion-title-text fusion-title-size-three\" style=\"--awb-margin-top-small:10px;--awb-margin-right-small:0px;--awb-margin-bottom-small:10px;--awb-margin-left-small:0px;\"><h3 class=\"fusion-title-heading title-heading-left fusion-responsive-typography-calculated\" style=\"margin:0;--fontSize:45;line-height:var(--awb-typography3-line-height);\">Information about your stay in the Allg\u00e4u<\/h3><\/div><\/div><\/div><div class=\"fusion-layout-column fusion_builder_column fusion-builder-column-5 fusion_builder_column_1_2 1_2 fusion-flex-column\" style=\"--awb-bg-size:cover;--awb-width-large:50%;--awb-margin-top-large:0px;--awb-spacing-right-large:3.84%;--awb-margin-bottom-large:20px;--awb-spacing-left-large:3.84%;--awb-width-medium:50%;--awb-order-medium:0;--awb-spacing-right-medium:3.84%;--awb-spacing-left-medium:3.84%;--awb-width-small:100%;--awb-order-small:0;--awb-spacing-right-small:1.92%;--awb-spacing-left-small:1.92%;\"><div class=\"fusion-column-wrapper fusion-column-has-shadow fusion-flex-justify-content-flex-start fusion-content-layout-column\"><div class=\"fusion-text fusion-text-1\"><p>The room prices are per person and night including breakfast buffet and gourmet board.<\/p>\n<p>Included services for your accommodation in the Allg\u00e4u:<\/p>\n<ul>\n<li>Free Wi-Fi<\/li>\n<li>Access to our swimming pool and wellness area with Finnish sauna, steam bath and biosauna<\/li>\n<li>Garden with terrace, sunbathing lawn and waterfall by the wildlife enclosure<\/li>\n<\/ul>\n<\/div><\/div><\/div><div class=\"fusion-layout-column fusion_builder_column fusion-builder-column-6 fusion_builder_column_1_2 1_2 fusion-flex-column\" style=\"--awb-bg-size:cover;--awb-width-large:50%;--awb-margin-top-large:0px;--awb-spacing-right-large:3.84%;--awb-margin-bottom-large:20px;--awb-spacing-left-large:3.84%;--awb-width-medium:50%;--awb-order-medium:0;--awb-spacing-right-medium:3.84%;--awb-spacing-left-medium:3.84%;--awb-width-small:100%;--awb-order-small:0;--awb-spacing-right-small:1.92%;--awb-spacing-left-small:1.92%;\"><div class=\"fusion-column-wrapper fusion-column-has-shadow fusion-flex-justify-content-flex-start fusion-content-layout-column\"><div class=\"fusion-text fusion-text-2\"><p>The visitor&#8217;s tax for an overnight stay in the Allg\u00e4u is EUR 1.00 visitor&#8217;s tax per adult per day.<\/p>\n<p><strong>Monday is a day off at Sontheim&#8217;s<\/strong>. Your arrival is possible by arrangement, please discuss this with us.<\/p>\n<p>On Monday there is no gourmet board in the evening, this will be reimbursed with EUR 15.00 per adult person..<\/p>\n<\/div><\/div><\/div><\/div><\/div><\/p>\n","protected":false},"excerpt":{"rendered":"","protected":false},"author":1,"featured_media":0,"parent":0,"menu_order":0,"comment_status":"closed","ping_status":"open","template":"100-width.php","meta":{"footnotes":""},"class_list":["post-878","page","type-page","status-publish","hentry"],"yoast_head":"<!-- This site is optimized with the Yoast SEO plugin v27.2 - https:\/\/yoast.com\/product\/yoast-seo-wordpress\/ -->\n<title>\u00dcbernachtung im Allg\u00e4u: Preise 2021 im Sontheim Naturhotel &amp; Spa<\/title>\n<meta name=\"description\" content=\"Ruhe und Entspannung erwartet Sie bei einer \u00dcbernachtung im Allg\u00e4u. Lassen Sie es sich gutgehen und buchen Sie jetzt Ihr Traumzimmer!\" \/>\n<meta name=\"robots\" content=\"index, follow, max-snippet:-1, max-image-preview:large, max-video-preview:-1\" \/>\n<link rel=\"canonical\" href=\"https:\/\/www.sontheims-naturhotel.de\/en\/prices\/\" \/>\n<meta property=\"og:locale\" content=\"en_US\" \/>\n<meta property=\"og:type\" content=\"article\" \/>\n<meta property=\"og:title\" content=\"\u00dcbernachtung im Allg\u00e4u: Preise 2021 im Sontheim Naturhotel &amp; Spa\" \/>\n<meta property=\"og:description\" content=\"Ruhe und Entspannung erwartet Sie bei einer \u00dcbernachtung im Allg\u00e4u. Lassen Sie es sich gutgehen und buchen Sie jetzt Ihr Traumzimmer!\" \/>\n<meta property=\"og:url\" content=\"https:\/\/www.sontheims-naturhotel.de\/en\/prices\/\" \/>\n<meta property=\"og:site_name\" content=\"Sontheim Naturhotel &amp; Spa\" \/>\n<meta property=\"article:modified_time\" content=\"2024-01-31T14:20:32+00:00\" \/>\n<meta name=\"twitter:card\" content=\"summary_large_image\" \/>\n<meta name=\"twitter:label1\" content=\"Est. reading time\" \/>\n\t<meta name=\"twitter:data1\" content=\"2 minutes\" \/>\n<script type=\"application\/ld+json\" class=\"yoast-schema-graph\">{\"@context\":\"https:\/\/schema.org\",\"@graph\":[{\"@type\":\"WebPage\",\"@id\":\"https:\/\/www.sontheims-naturhotel.de\/en\/prices\/\",\"url\":\"https:\/\/www.sontheims-naturhotel.de\/en\/prices\/\",\"name\":\"\u00dcbernachtung im Allg\u00e4u: Preise 2021 im Sontheim Naturhotel & Spa\",\"isPartOf\":{\"@id\":\"https:\/\/www.sontheims-naturhotel.de\/en\/#website\"},\"datePublished\":\"2021-02-16T10:59:25+00:00\",\"dateModified\":\"2024-01-31T14:20:32+00:00\",\"description\":\"Ruhe und Entspannung erwartet Sie bei einer \u00dcbernachtung im Allg\u00e4u. Lassen Sie es sich gutgehen und buchen Sie jetzt Ihr Traumzimmer!\",\"breadcrumb\":{\"@id\":\"https:\/\/www.sontheims-naturhotel.de\/en\/prices\/#breadcrumb\"},\"inLanguage\":\"en-US\",\"potentialAction\":[{\"@type\":\"ReadAction\",\"target\":[\"https:\/\/www.sontheims-naturhotel.de\/en\/prices\/\"]}]},{\"@type\":\"BreadcrumbList\",\"@id\":\"https:\/\/www.sontheims-naturhotel.de\/en\/prices\/#breadcrumb\",\"itemListElement\":[{\"@type\":\"ListItem\",\"position\":1,\"name\":\"Startseite\",\"item\":\"https:\/\/www.sontheims-naturhotel.de\/en\/\"},{\"@type\":\"ListItem\",\"position\":2,\"name\":\"Prices\"}]},{\"@type\":\"WebSite\",\"@id\":\"https:\/\/www.sontheims-naturhotel.de\/en\/#website\",\"url\":\"https:\/\/www.sontheims-naturhotel.de\/en\/\",\"name\":\"Sontheim Naturhotel &amp; Spa\",\"description\":\"Hotel im Allg\u00e4u\",\"potentialAction\":[{\"@type\":\"SearchAction\",\"target\":{\"@type\":\"EntryPoint\",\"urlTemplate\":\"https:\/\/www.sontheims-naturhotel.de\/en\/?s={search_term_string}\"},\"query-input\":{\"@type\":\"PropertyValueSpecification\",\"valueRequired\":true,\"valueName\":\"search_term_string\"}}],\"inLanguage\":\"en-US\"}]}<\/script>\n<!-- \/ Yoast SEO plugin. -->","yoast_head_json":{"title":"\u00dcbernachtung im Allg\u00e4u: Preise 2021 im Sontheim Naturhotel & Spa","description":"Ruhe und Entspannung erwartet Sie bei einer \u00dcbernachtung im Allg\u00e4u. Lassen Sie es sich gutgehen und buchen Sie jetzt Ihr Traumzimmer!","robots":{"index":"index","follow":"follow","max-snippet":"max-snippet:-1","max-image-preview":"max-image-preview:large","max-video-preview":"max-video-preview:-1"},"canonical":"https:\/\/www.sontheims-naturhotel.de\/en\/prices\/","og_locale":"en_US","og_type":"article","og_title":"\u00dcbernachtung im Allg\u00e4u: Preise 2021 im Sontheim Naturhotel & Spa","og_description":"Ruhe und Entspannung erwartet Sie bei einer \u00dcbernachtung im Allg\u00e4u. Lassen Sie es sich gutgehen und buchen Sie jetzt Ihr Traumzimmer!","og_url":"https:\/\/www.sontheims-naturhotel.de\/en\/prices\/","og_site_name":"Sontheim Naturhotel &amp; Spa","article_modified_time":"2024-01-31T14:20:32+00:00","twitter_card":"summary_large_image","twitter_misc":{"Est. reading time":"2 minutes"},"schema":{"@context":"https:\/\/schema.org","@graph":[{"@type":"WebPage","@id":"https:\/\/www.sontheims-naturhotel.de\/en\/prices\/","url":"https:\/\/www.sontheims-naturhotel.de\/en\/prices\/","name":"\u00dcbernachtung im Allg\u00e4u: Preise 2021 im Sontheim Naturhotel & Spa","isPartOf":{"@id":"https:\/\/www.sontheims-naturhotel.de\/en\/#website"},"datePublished":"2021-02-16T10:59:25+00:00","dateModified":"2024-01-31T14:20:32+00:00","description":"Ruhe und Entspannung erwartet Sie bei einer \u00dcbernachtung im Allg\u00e4u. Lassen Sie es sich gutgehen und buchen Sie jetzt Ihr Traumzimmer!","breadcrumb":{"@id":"https:\/\/www.sontheims-naturhotel.de\/en\/prices\/#breadcrumb"},"inLanguage":"en-US","potentialAction":[{"@type":"ReadAction","target":["https:\/\/www.sontheims-naturhotel.de\/en\/prices\/"]}]},{"@type":"BreadcrumbList","@id":"https:\/\/www.sontheims-naturhotel.de\/en\/prices\/#breadcrumb","itemListElement":[{"@type":"ListItem","position":1,"name":"Startseite","item":"https:\/\/www.sontheims-naturhotel.de\/en\/"},{"@type":"ListItem","position":2,"name":"Prices"}]},{"@type":"WebSite","@id":"https:\/\/www.sontheims-naturhotel.de\/en\/#website","url":"https:\/\/www.sontheims-naturhotel.de\/en\/","name":"Sontheim Naturhotel &amp; Spa","description":"Hotel im Allg\u00e4u","potentialAction":[{"@type":"SearchAction","target":{"@type":"EntryPoint","urlTemplate":"https:\/\/www.sontheims-naturhotel.de\/en\/?s={search_term_string}"},"query-input":{"@type":"PropertyValueSpecification","valueRequired":true,"valueName":"search_term_string"}}],"inLanguage":"en-US"}]}},"_links":{"self":[{"href":"https:\/\/www.sontheims-naturhotel.de\/en\/wp-json\/wp\/v2\/pages\/878","targetHints":{"allow":["GET"]}}],"collection":[{"href":"https:\/\/www.sontheims-naturhotel.de\/en\/wp-json\/wp\/v2\/pages"}],"about":[{"href":"https:\/\/www.sontheims-naturhotel.de\/en\/wp-json\/wp\/v2\/types\/page"}],"author":[{"embeddable":true,"href":"https:\/\/www.sontheims-naturhotel.de\/en\/wp-json\/wp\/v2\/users\/1"}],"replies":[{"embeddable":true,"href":"https:\/\/www.sontheims-naturhotel.de\/en\/wp-json\/wp\/v2\/comments?post=878"}],"version-history":[{"count":34,"href":"https:\/\/www.sontheims-naturhotel.de\/en\/wp-json\/wp\/v2\/pages\/878\/revisions"}],"predecessor-version":[{"id":7352,"href":"https:\/\/www.sontheims-naturhotel.de\/en\/wp-json\/wp\/v2\/pages\/878\/revisions\/7352"}],"wp:attachment":[{"href":"https:\/\/www.sontheims-naturhotel.de\/en\/wp-json\/wp\/v2\/media?parent=878"}],"curies":[{"name":"wp","href":"https:\/\/api.w.org\/{rel}","templated":true}]}}